{"id":10,"date":"2020-08-28T17:00:49","date_gmt":"2020-08-28T15:00:49","guid":{"rendered":"http:\/\/www.neige-locations.fr\/?page_id=10"},"modified":"2020-12-29T10:22:24","modified_gmt":"2020-12-29T09:22:24","slug":"contact","status":"publish","type":"page","link":"http:\/\/www.neige-locations.fr\/?page_id=10","title":{"rendered":"Contact"},"content":{"rendered":"<div class=\"wpforms-container wpforms-container-full wpforms-block\" id=\"wpforms-188\"><form id=\"wpforms-form-188\" class=\"wpforms-validate wpforms-form\" data-formid=\"188\" method=\"post\" enctype=\"multipart\/form-data\" action=\"\/index.php?rest_route=%2Fwp%2Fv2%2Fpages%2F10\" data-token=\"43f562610b425153a6c712ebb28addcf\" data-token-time=\"1777561152\"><noscript class=\"wpforms-error-noscript\">Veuillez activer JavaScript dans votre navigateur pour remplir ce formulaire.<\/noscript><div class=\"wpforms-field-container\"><div id=\"wpforms-188-field_0-container\" class=\"wpforms-field wpforms-field-name\" data-field-id=\"0\"><label class=\"wpforms-field-label\">Vous <span class=\"wpforms-required-label\">*<\/span><\/label><div class=\"wpforms-field-row wpforms-field-medium\"><div class=\"wpforms-field-row-block wpforms-first wpforms-one-half\"><input type=\"text\" id=\"wpforms-188-field_0\" class=\"wpforms-field-name-first wpforms-field-required\" name=\"wpforms[fields][0][first]\" required><label for=\"wpforms-188-field_0\" class=\"wpforms-field-sublabel after\">Pr\u00e9nom<\/label><\/div><div class=\"wpforms-field-row-block wpforms-one-half\"><input type=\"text\" id=\"wpforms-188-field_0-last\" class=\"wpforms-field-name-last wpforms-field-required\" name=\"wpforms[fields][0][last]\" required><label for=\"wpforms-188-field_0-last\" class=\"wpforms-field-sublabel after\">Nom<\/label><\/div><\/div><\/div><div id=\"wpforms-188-field_4-container\" class=\"wpforms-field wpforms-field-text\" data-field-id=\"4\"><label class=\"wpforms-field-label\" for=\"wpforms-188-field_4\">P\u00e9riode de location<\/label><input type=\"text\" id=\"wpforms-188-field_4\" class=\"wpforms-field-medium\" name=\"wpforms[fields][4]\" ><\/div><div id=\"wpforms-188-field_3-container\" class=\"wpforms-field wpforms-field-select wpforms-field-select-style-classic\" data-field-id=\"3\"><label class=\"wpforms-field-label\" for=\"wpforms-188-field_3\">Choisissez votre location <span class=\"wpforms-required-label\">*<\/span><\/label><select id=\"wpforms-188-field_3\" class=\"wpforms-field-medium wpforms-field-required\" name=\"wpforms[fields][3]\" required=\"required\"><option value=\"Le Brichou\" >Le Brichou<\/option><option value=\"Le Grenier du Tovet\" >Le Grenier du Tovet<\/option><\/select><\/div><div id=\"wpforms-188-field_2-container\" class=\"wpforms-field wpforms-field-textarea\" data-field-id=\"2\"><label class=\"wpforms-field-label\" for=\"wpforms-188-field_2\">Votre demande <span class=\"wpforms-required-label\">*<\/span><\/label><textarea id=\"wpforms-188-field_2\" class=\"wpforms-field-medium wpforms-field-required\" name=\"wpforms[fields][2]\" required><\/textarea><\/div><div id=\"wpforms-188-field_1-container\" class=\"wpforms-field wpforms-field-email\" data-field-id=\"1\"><label class=\"wpforms-field-label\" for=\"wpforms-188-field_1\">Votre E-mail <span class=\"wpforms-required-label\">*<\/span><\/label><input type=\"email\" id=\"wpforms-188-field_1\" class=\"wpforms-field-medium wpforms-field-required\" name=\"wpforms[fields][1]\" spellcheck=\"false\" required><\/div><div id=\"wpforms-188-field_5-container\" class=\"wpforms-field wpforms-field-text\" data-field-id=\"5\"><label class=\"wpforms-field-label\" for=\"wpforms-188-field_5\">Votre num\u00e9ro de t\u00e9l\u00e9phone<\/label><input type=\"text\" id=\"wpforms-188-field_5\" class=\"wpforms-field-medium\" name=\"wpforms[fields][5]\" ><\/div><\/div><!-- .wpforms-field-container --><div class=\"wpforms-recaptcha-container wpforms-is-recaptcha wpforms-is-recaptcha-type-v2\" ><div class=\"g-recaptcha\" data-sitekey=\"6LccjxsaAAAAAKDwrxaqFwPpF8Hrxnt5yEb21sj0\"><\/div><input type=\"text\" name=\"g-recaptcha-hidden\" class=\"wpforms-recaptcha-hidden\" style=\"position:absolute!important;clip:rect(0,0,0,0)!important;height:1px!important;width:1px!important;border:0!important;overflow:hidden!important;padding:0!important;margin:0!important;\" data-rule-recaptcha=\"1\"><\/div><div class=\"wpforms-submit-container\" ><input type=\"hidden\" name=\"wpforms[id]\" value=\"188\"><input type=\"hidden\" name=\"page_title\" value=\"\"><input type=\"hidden\" name=\"page_url\" value=\"http:\/\/www.neige-locations.fr\/index.php?rest_route=\/wp\/v2\/pages\/10\"><button type=\"submit\" name=\"wpforms[submit]\" id=\"wpforms-submit-188\" class=\"wpforms-submit\" data-alt-text=\"Envoi...\" data-submit-text=\"Envoyer\" aria-live=\"assertive\" value=\"wpforms-submit\">Envoyer<\/button><\/div><\/form><\/div>  <!-- .wpforms-container -->","protected":false},"excerpt":{"rendered":"","protected":false},"author":1,"featured_media":0,"parent":0,"menu_order":0,"comment_status":"closed","ping_status":"closed","template":"","meta":[],"yoast_head":"<!-- This site is optimized with the Yoast SEO plugin v18.4.1 - https:\/\/yoast.com\/wordpress\/plugins\/seo\/ -->\n<title>Contact - Neige-Locations<\/title>\n<meta name=\"robots\" content=\"index, follow, max-snippet:-1, max-image-preview:large, max-video-preview:-1\" \/>\n<link rel=\"canonical\" href=\"https:\/\/www.neige-locations.fr\/?page_id=10\" \/>\n<meta property=\"og:locale\" content=\"fr_FR\" \/>\n<meta property=\"og:type\" content=\"article\" \/>\n<meta property=\"og:title\" content=\"Contact - Neige-Locations\" \/>\n<meta property=\"og:url\" content=\"https:\/\/www.neige-locations.fr\/?page_id=10\" \/>\n<meta property=\"og:site_name\" content=\"Neige-Locations\" \/>\n<meta property=\"article:modified_time\" content=\"2020-12-29T09:22:24+00:00\" \/>\n<meta name=\"twitter:card\" content=\"summary_large_image\" \/>\n<script type=\"application\/ld+json\" class=\"yoast-schema-graph\">{\"@context\":\"https:\/\/schema.org\",\"@graph\":[{\"@type\":\"WebSite\",\"@id\":\"https:\/\/www.neige-locations.fr\/#website\",\"url\":\"https:\/\/www.neige-locations.fr\/\",\"name\":\"Neige-Locations\",\"description\":\"Des locations aux pieds des pistes aux Saisies\",\"potentialAction\":[{\"@type\":\"SearchAction\",\"target\":{\"@type\":\"EntryPoint\",\"urlTemplate\":\"https:\/\/www.neige-locations.fr\/?s={search_term_string}\"},\"query-input\":\"required name=search_term_string\"}],\"inLanguage\":\"fr-FR\"},{\"@type\":\"WebPage\",\"@id\":\"https:\/\/www.neige-locations.fr\/?page_id=10#webpage\",\"url\":\"https:\/\/www.neige-locations.fr\/?page_id=10\",\"name\":\"Contact - Neige-Locations\",\"isPartOf\":{\"@id\":\"https:\/\/www.neige-locations.fr\/#website\"},\"datePublished\":\"2020-08-28T15:00:49+00:00\",\"dateModified\":\"2020-12-29T09:22:24+00:00\",\"breadcrumb\":{\"@id\":\"https:\/\/www.neige-locations.fr\/?page_id=10#breadcrumb\"},\"inLanguage\":\"fr-FR\",\"potentialAction\":[{\"@type\":\"ReadAction\",\"target\":[\"https:\/\/www.neige-locations.fr\/?page_id=10\"]}]},{\"@type\":\"BreadcrumbList\",\"@id\":\"https:\/\/www.neige-locations.fr\/?page_id=10#breadcrumb\",\"itemListElement\":[{\"@type\":\"ListItem\",\"position\":1,\"name\":\"Accueil\",\"item\":\"https:\/\/www.neige-locations.fr\/\"},{\"@type\":\"ListItem\",\"position\":2,\"name\":\"Contact\"}]}]}<\/script>\n<!-- \/ Yoast SEO plugin. -->","yoast_head_json":{"title":"Contact - Neige-Locations","robots":{"index":"index","follow":"follow","max-snippet":"max-snippet:-1","max-image-preview":"max-image-preview:large","max-video-preview":"max-video-preview:-1"},"canonical":"https:\/\/www.neige-locations.fr\/?page_id=10","og_locale":"fr_FR","og_type":"article","og_title":"Contact - Neige-Locations","og_url":"https:\/\/www.neige-locations.fr\/?page_id=10","og_site_name":"Neige-Locations","article_modified_time":"2020-12-29T09:22:24+00:00","twitter_card":"summary_large_image","schema":{"@context":"https:\/\/schema.org","@graph":[{"@type":"WebSite","@id":"https:\/\/www.neige-locations.fr\/#website","url":"https:\/\/www.neige-locations.fr\/","name":"Neige-Locations","description":"Des locations aux pieds des pistes aux Saisies","potentialAction":[{"@type":"SearchAction","target":{"@type":"EntryPoint","urlTemplate":"https:\/\/www.neige-locations.fr\/?s={search_term_string}"},"query-input":"required name=search_term_string"}],"inLanguage":"fr-FR"},{"@type":"WebPage","@id":"https:\/\/www.neige-locations.fr\/?page_id=10#webpage","url":"https:\/\/www.neige-locations.fr\/?page_id=10","name":"Contact - Neige-Locations","isPartOf":{"@id":"https:\/\/www.neige-locations.fr\/#website"},"datePublished":"2020-08-28T15:00:49+00:00","dateModified":"2020-12-29T09:22:24+00:00","breadcrumb":{"@id":"https:\/\/www.neige-locations.fr\/?page_id=10#breadcrumb"},"inLanguage":"fr-FR","potentialAction":[{"@type":"ReadAction","target":["https:\/\/www.neige-locations.fr\/?page_id=10"]}]},{"@type":"BreadcrumbList","@id":"https:\/\/www.neige-locations.fr\/?page_id=10#breadcrumb","itemListElement":[{"@type":"ListItem","position":1,"name":"Accueil","item":"https:\/\/www.neige-locations.fr\/"},{"@type":"ListItem","position":2,"name":"Contact"}]}]}},"_links":{"self":[{"href":"http:\/\/www.neige-locations.fr\/index.php?rest_route=\/wp\/v2\/pages\/10"}],"collection":[{"href":"http:\/\/www.neige-locations.fr\/index.php?rest_route=\/wp\/v2\/pages"}],"about":[{"href":"http:\/\/www.neige-locations.fr\/index.php?rest_route=\/wp\/v2\/types\/page"}],"author":[{"embeddable":true,"href":"http:\/\/www.neige-locations.fr\/index.php?rest_route=\/wp\/v2\/users\/1"}],"replies":[{"embeddable":true,"href":"http:\/\/www.neige-locations.fr\/index.php?rest_route=%2Fwp%2Fv2%2Fcomments&post=10"}],"version-history":[{"count":3,"href":"http:\/\/www.neige-locations.fr\/index.php?rest_route=\/wp\/v2\/pages\/10\/revisions"}],"predecessor-version":[{"id":190,"href":"http:\/\/www.neige-locations.fr\/index.php?rest_route=\/wp\/v2\/pages\/10\/revisions\/190"}],"wp:attachment":[{"href":"http:\/\/www.neige-locations.fr\/index.php?rest_route=%2Fwp%2Fv2%2Fmedia&parent=10"}],"curies":[{"name":"wp","href":"https:\/\/api.w.org\/{rel}","templated":true}]}}