{"id":50,"date":"2020-08-28T17:41:58","date_gmt":"2020-08-28T15:41:58","guid":{"rendered":"http:\/\/www.neige-locations.fr\/?page_id=50"},"modified":"2021-09-09T18:05:42","modified_gmt":"2021-09-09T16:05:42","slug":"le-brichou","status":"publish","type":"page","link":"http:\/\/www.neige-locations.fr\/?page_id=50","title":{"rendered":"Le Brichou"},"content":{"rendered":"\n<div class=\"alignnormal\"><div id=\"metaslider-id-152\" style=\"width: 100%;\" class=\"ml-slider-3-94-0 metaslider metaslider-nivo metaslider-152 ml-slider ml-slider-lightbox-1-13-2 firelight-lightbox-2-3-11 ms-theme-default\" role=\"region\" aria-roledescription=\"Slideshow\" aria-label=\"Brichou vue exterieure\">\n    <div id=\"metaslider_container_152\">\n        <div class='slider-wrapper theme-default'><div class='ribbon'><\/div><div id='metaslider_152' class='nivoSlider'><a href=\"http:\/\/www.neige-locations.fr\/wp-content\/uploads\/2020\/12\/Vue-Brichou-hiver-2.jpg\" target=\"_self\" rel=\"lightbox[152]\"><img src=\"http:\/\/www.neige-locations.fr\/wp-content\/uploads\/2020\/12\/Vue-Brichou-hiver-2-900x500.jpg\" height=\"500\" width=\"900\" data-caption=\"Vue sur les pistes de Bisanne\" title=\"Vue-Brichou-hiver-2\" alt=\"\" class=\"slider-152 slide-157\" \/><\/a><a href=\"http:\/\/www.neige-locations.fr\/wp-content\/uploads\/2020\/12\/Vue-Brichou-hiver-1.jpg\" target=\"_self\" rel=\"lightbox[152]\"><img src=\"http:\/\/www.neige-locations.fr\/wp-content\/uploads\/2020\/12\/Vue-Brichou-hiver-1-768x426.jpg\" height=\"500\" width=\"900\" data-caption=\"Vue sur la Pierra Menta\" title=\"Vue-Brichou-hiver-1\" alt=\"\" class=\"slider-152 slide-158\" \/><\/a><a href=\"http:\/\/www.neige-locations.fr\/wp-content\/uploads\/2020\/12\/Vue-Brichou-ete-2.jpg\" target=\"_self\" rel=\"lightbox[152]\"><img src=\"http:\/\/www.neige-locations.fr\/wp-content\/uploads\/2020\/12\/Vue-Brichou-ete-2-900x500.jpg\" height=\"500\" width=\"900\" data-caption=\"La terrasse ensoleill&eacute;e, vue sur le Beaufortain\" title=\"Vue-Brichou-ete-2\" alt=\"\" class=\"slider-152 slide-159\" \/><\/a><a href=\"http:\/\/www.neige-locations.fr\/wp-content\/uploads\/2020\/12\/Vue-Brichou-ete-1-scaled.jpg\" target=\"_self\" rel=\"lightbox[152]\"><img src=\"http:\/\/www.neige-locations.fr\/wp-content\/uploads\/2020\/12\/Vue-Brichou-ete-1-scaled-900x500.jpg\" height=\"500\" width=\"900\" data-caption=\"Tous les commerces &agrave; proximit&eacute;\" title=\"Vue-Brichou-\u00e9t\u00e9-1\" alt=\"\" class=\"slider-152 slide-160\" \/><\/a><\/div><\/div>\n        \n    <\/div>\n<\/div><\/div>\n\n\n\n<p class=\"has-text-color\" style=\"color:#033e78\">Situ\u00e9 plein centre de la station des Saisies cet appartement&nbsp;nomm\u00e9 \u00ab\u00a0<em>Le Brichou\u00a0\u00bb&nbsp;<\/em>est class\u00e9 3 \u00e9toiles de tourisme et labellis\u00e9 4 diamants par la station.<\/p>\n\n\n\n<p class=\"has-text-color\" style=\"color:#033e78\">Cet appartement de 35m\u00b2 peut accueillir jusqu&rsquo;\u00e0&nbsp;4 personnes.&nbsp;Plein Sud et avec sa vue \u00e0 360\u00b0, \u00ab\u00a0<em>Le Brichou\u00a0\u00bb&nbsp;<\/em>est tr\u00e8s agr\u00e9able.<\/p>\n\n\n\n<p class=\"has-text-color\" style=\"color:#033e78\">Sa situation au plein coeur de la station, proche des commerces et \u00e0 seulement 5min \u00e0 pied des pistes, est l&rsquo;appartement&nbsp;id\u00e9al pour vos vacances d&rsquo;hiver&nbsp;ou d&rsquo;\u00e9t\u00e9.<\/p>\n\n\n\n<p class=\"has-text-color\" style=\"color:#033e78\">L&rsquo;int\u00e9rieur de l&rsquo;appartement :<\/p>\n\n\n\n<div class=\"alignnormal\"><div id=\"metaslider-id-170\" style=\"width: 100%;\" class=\"ml-slider-3-94-0 metaslider metaslider-nivo metaslider-170 ml-slider ml-slider-lightbox-1-13-2 firelight-lightbox-2-3-11 ms-theme-default\" role=\"region\" aria-roledescription=\"Slideshow\" aria-label=\"Brichou interieur 1\">\n    <div id=\"metaslider_container_170\">\n        <div class='slider-wrapper theme-default'><div class='ribbon'><\/div><div id='metaslider_170' class='nivoSlider'><a href=\"http:\/\/www.neige-locations.fr\/wp-content\/uploads\/2020\/12\/Brichou-interieur-v2.jpg\" target=\"_self\" rel=\"lightbox[170]\"><img src=\"http:\/\/www.neige-locations.fr\/wp-content\/uploads\/2020\/12\/Brichou-interieur-v2-900x500.jpg\" height=\"500\" width=\"900\" data-caption=\"&lt;div&gt;Le coin repas&lt;\/div&gt;\" title=\"Brichou-interieur-v2\" alt=\"\" class=\"slider-170 slide-171\" \/><\/a><a href=\"http:\/\/www.neige-locations.fr\/wp-content\/uploads\/2020\/12\/Brichou-interieur-1.jpg\" target=\"_self\" rel=\"lightbox[170]\"><img src=\"http:\/\/www.neige-locations.fr\/wp-content\/uploads\/2020\/12\/Brichou-interieur-1-900x500.jpg\" height=\"500\" width=\"900\" data-caption=\"&lt;div&gt;Une vue imprenable sur le domaine&lt;\/div&gt;\" title=\"Brichou-interieur-1\" alt=\"\" class=\"slider-170 slide-172\" \/><\/a><a href=\"http:\/\/www.neige-locations.fr\/wp-content\/uploads\/2020\/12\/Brichou_interieur-3.jpg\" target=\"_self\" rel=\"lightbox[170]\"><img src=\"http:\/\/www.neige-locations.fr\/wp-content\/uploads\/2020\/12\/Brichou_interieur-3-900x500.jpg\" height=\"500\" width=\"900\" data-caption=\"&lt;div&gt;Un convertible 2 en 1 tout confort&lt;\/div&gt;\" title=\"Brichou_interieur-3\" alt=\"\" class=\"slider-170 slide-176\" \/><\/a><a href=\"http:\/\/www.neige-locations.fr\/wp-content\/uploads\/2025\/01\/20250118_114431-scaled.jpg\" target=\"_self\" rel=\"lightbox[170]\"><img src=\"http:\/\/www.neige-locations.fr\/wp-content\/uploads\/2025\/01\/20250118_114431-scaled-900x500.jpg\" height=\"500\" width=\"900\" data-caption=\"&lt;div&gt;Une cuisine ou rien ne manque !&lt;\/div&gt;\" title=\"20250118_114431\" alt=\"\" class=\"slider-170 slide-173\" \/><\/a><a href=\"http:\/\/www.neige-locations.fr\/wp-content\/uploads\/2020\/12\/Brichou_interieur-5.jpg\" target=\"_self\" rel=\"lightbox[170]\"><img src=\"http:\/\/www.neige-locations.fr\/wp-content\/uploads\/2020\/12\/Brichou_interieur-5-900x500.jpg\" height=\"500\" width=\"900\" data-caption=\"&lt;div&gt;Une vaisselle de charme&lt;\/div&gt;\" title=\"Brichou_interieur-5\" alt=\"\" class=\"slider-170 slide-174\" \/><\/a><\/div><\/div>\n        \n    <\/div>\n<\/div><\/div>\n\n\n\n<p class=\"has-text-color\" style=\"color:#033e78\">Les couchages :<\/p>\n\n\n\n<div class=\"alignnormal\"><div id=\"metaslider-id-180\" style=\"width: 100%;\" class=\"ml-slider-3-94-0 metaslider metaslider-nivo metaslider-180 ml-slider ml-slider-lightbox-1-13-2 firelight-lightbox-2-3-11 ms-theme-default\" role=\"region\" aria-roledescription=\"Slideshow\" aria-label=\"Brichou interieur 2\">\n    <div id=\"metaslider_container_180\">\n        <div class='slider-wrapper theme-default'><div class='ribbon'><\/div><div id='metaslider_180' class='nivoSlider'><a href=\"http:\/\/www.neige-locations.fr\/wp-content\/uploads\/2025\/01\/20241218_172020-scaled.jpg\" target=\"_self\" rel=\"lightbox[180]\"><img src=\"http:\/\/www.neige-locations.fr\/wp-content\/uploads\/2025\/01\/20241218_172020-scaled-900x500.jpg\" height=\"500\" width=\"900\" data-caption=\"&lt;div&gt;Une chambre avec un lit 140x190&amp;nbsp;&lt;\/div&gt;\" title=\"20241218_172020\" alt=\"\" class=\"slider-180 slide-182\" \/><\/a><a href=\"http:\/\/www.neige-locations.fr\/wp-content\/uploads\/2020\/12\/Brichou_chambre3.jpg\" target=\"_self\" rel=\"lightbox[180]\"><img src=\"http:\/\/www.neige-locations.fr\/wp-content\/uploads\/2020\/12\/Brichou_chambre3-900x500.jpg\" height=\"500\" width=\"900\" data-caption=\"&lt;div&gt;Un convertible 2 en 1 tout confort&lt;\/div&gt;\" title=\"Brichou_chambre3\" alt=\"\" class=\"slider-180 slide-184\" \/><\/a><a href=\"http:\/\/www.neige-locations.fr\/wp-content\/uploads\/2025\/01\/20250118_113711-scaled.jpg\" target=\"_self\" rel=\"lightbox[180]\"><img src=\"http:\/\/www.neige-locations.fr\/wp-content\/uploads\/2025\/01\/20250118_113711-scaled-900x500.jpg\" height=\"500\" width=\"900\" data-caption=\"&lt;div&gt;Un convertible 2 en 1 tout confort&lt;\/div&gt;\" title=\"20250118_113711\" alt=\"\" class=\"slider-180 slide-461\" \/><\/a><a href=\"http:\/\/www.neige-locations.fr\/wp-content\/uploads\/2025\/01\/20250118_114515-scaled.jpg\" target=\"_self\" rel=\"lightbox[180]\"><img src=\"http:\/\/www.neige-locations.fr\/wp-content\/uploads\/2025\/01\/20250118_114515-scaled-900x500.jpg\" height=\"500\" width=\"900\" data-caption=\"&lt;div&gt;Une salle de bain avec lave-linge&lt;\/div&gt;\" title=\"20250118_114515\" alt=\"\" class=\"slider-180 slide-183\" \/><\/a><\/div><\/div>\n        \n    <\/div>\n<\/div><\/div>\n\n\n<p><strong>Disponibilit\u00e9s<\/strong><\/p>\n\n\n<p><iframe loading=\"lazy\" frameborder=\"0\" height=\"398\" scrolling=\"auto\" src=\"http:\/\/www.marmotte-locations.com\/locations\/ml_frame.php?num_ref=ML-tp112\" style=\"margin-right: auto; margin-left: auto; display: block;\" width=\"654\"><\/iframe><\/p>\n\n","protected":false},"excerpt":{"rendered":"<p>Situ\u00e9 plein centre de la station des Saisies cet appartement&nbsp;nomm\u00e9 \u00ab\u00a0Le Brichou\u00a0\u00bb&nbsp;est class\u00e9 3 \u00e9toiles de tourisme et labellis\u00e9 4 diamants par la station. Cet&#8230;<\/p>\n","protected":false},"author":1,"featured_media":0,"parent":0,"menu_order":0,"comment_status":"closed","ping_status":"closed","template":"","meta":[],"yoast_head":"<!-- This site is optimized with the Yoast SEO plugin v18.4.1 - https:\/\/yoast.com\/wordpress\/plugins\/seo\/ -->\n<title>Le Brichou - Neige-Locations<\/title>\n<meta name=\"robots\" content=\"index, follow, max-snippet:-1, max-image-preview:large, max-video-preview:-1\" \/>\n<link rel=\"canonical\" href=\"http:\/\/www.neige-locations.fr\/?page_id=50\" \/>\n<meta property=\"og:locale\" content=\"fr_FR\" \/>\n<meta property=\"og:type\" content=\"article\" \/>\n<meta property=\"og:title\" content=\"Le Brichou - Neige-Locations\" \/>\n<meta property=\"og:description\" content=\"Situ\u00e9 plein centre de la station des Saisies cet appartement&nbsp;nomm\u00e9 \u00ab\u00a0Le Brichou\u00a0\u00bb&nbsp;est class\u00e9 3 \u00e9toiles de tourisme et labellis\u00e9 4 diamants par la station. Cet...\" \/>\n<meta property=\"og:url\" content=\"http:\/\/www.neige-locations.fr\/?page_id=50\" \/>\n<meta property=\"og:site_name\" content=\"Neige-Locations\" \/>\n<meta property=\"article:modified_time\" content=\"2021-09-09T16:05:42+00:00\" \/>\n<meta name=\"twitter:card\" content=\"summary_large_image\" \/>\n<meta name=\"twitter:label1\" content=\"Dur\u00e9e de lecture estim\u00e9e\" \/>\n\t<meta name=\"twitter:data1\" content=\"1 minute\" \/>\n<script type=\"application\/ld+json\" class=\"yoast-schema-graph\">{\"@context\":\"https:\/\/schema.org\",\"@graph\":[{\"@type\":\"WebSite\",\"@id\":\"https:\/\/www.neige-locations.fr\/#website\",\"url\":\"https:\/\/www.neige-locations.fr\/\",\"name\":\"Neige-Locations\",\"description\":\"Des locations aux pieds des pistes aux Saisies\",\"potentialAction\":[{\"@type\":\"SearchAction\",\"target\":{\"@type\":\"EntryPoint\",\"urlTemplate\":\"https:\/\/www.neige-locations.fr\/?s={search_term_string}\"},\"query-input\":\"required name=search_term_string\"}],\"inLanguage\":\"fr-FR\"},{\"@type\":\"WebPage\",\"@id\":\"http:\/\/www.neige-locations.fr\/?page_id=50#webpage\",\"url\":\"http:\/\/www.neige-locations.fr\/?page_id=50\",\"name\":\"Le Brichou - Neige-Locations\",\"isPartOf\":{\"@id\":\"https:\/\/www.neige-locations.fr\/#website\"},\"datePublished\":\"2020-08-28T15:41:58+00:00\",\"dateModified\":\"2021-09-09T16:05:42+00:00\",\"breadcrumb\":{\"@id\":\"http:\/\/www.neige-locations.fr\/?page_id=50#breadcrumb\"},\"inLanguage\":\"fr-FR\",\"potentialAction\":[{\"@type\":\"ReadAction\",\"target\":[\"http:\/\/www.neige-locations.fr\/?page_id=50\"]}]},{\"@type\":\"BreadcrumbList\",\"@id\":\"http:\/\/www.neige-locations.fr\/?page_id=50#breadcrumb\",\"itemListElement\":[{\"@type\":\"ListItem\",\"position\":1,\"name\":\"Accueil\",\"item\":\"https:\/\/www.neige-locations.fr\/\"},{\"@type\":\"ListItem\",\"position\":2,\"name\":\"Le Brichou\"}]}]}<\/script>\n<!-- \/ Yoast SEO plugin. -->","yoast_head_json":{"title":"Le Brichou - Neige-Locations","robots":{"index":"index","follow":"follow","max-snippet":"max-snippet:-1","max-image-preview":"max-image-preview:large","max-video-preview":"max-video-preview:-1"},"canonical":"http:\/\/www.neige-locations.fr\/?page_id=50","og_locale":"fr_FR","og_type":"article","og_title":"Le Brichou - Neige-Locations","og_description":"Situ\u00e9 plein centre de la station des Saisies cet appartement&nbsp;nomm\u00e9 \u00ab\u00a0Le Brichou\u00a0\u00bb&nbsp;est class\u00e9 3 \u00e9toiles de tourisme et labellis\u00e9 4 diamants par la station. Cet...","og_url":"http:\/\/www.neige-locations.fr\/?page_id=50","og_site_name":"Neige-Locations","article_modified_time":"2021-09-09T16:05:42+00:00","twitter_card":"summary_large_image","twitter_misc":{"Dur\u00e9e de lecture estim\u00e9e":"1 minute"},"schema":{"@context":"https:\/\/schema.org","@graph":[{"@type":"WebSite","@id":"https:\/\/www.neige-locations.fr\/#website","url":"https:\/\/www.neige-locations.fr\/","name":"Neige-Locations","description":"Des locations aux pieds des pistes aux Saisies","potentialAction":[{"@type":"SearchAction","target":{"@type":"EntryPoint","urlTemplate":"https:\/\/www.neige-locations.fr\/?s={search_term_string}"},"query-input":"required name=search_term_string"}],"inLanguage":"fr-FR"},{"@type":"WebPage","@id":"http:\/\/www.neige-locations.fr\/?page_id=50#webpage","url":"http:\/\/www.neige-locations.fr\/?page_id=50","name":"Le Brichou - Neige-Locations","isPartOf":{"@id":"https:\/\/www.neige-locations.fr\/#website"},"datePublished":"2020-08-28T15:41:58+00:00","dateModified":"2021-09-09T16:05:42+00:00","breadcrumb":{"@id":"http:\/\/www.neige-locations.fr\/?page_id=50#breadcrumb"},"inLanguage":"fr-FR","potentialAction":[{"@type":"ReadAction","target":["http:\/\/www.neige-locations.fr\/?page_id=50"]}]},{"@type":"BreadcrumbList","@id":"http:\/\/www.neige-locations.fr\/?page_id=50#breadcrumb","itemListElement":[{"@type":"ListItem","position":1,"name":"Accueil","item":"https:\/\/www.neige-locations.fr\/"},{"@type":"ListItem","position":2,"name":"Le Brichou"}]}]}},"_links":{"self":[{"href":"http:\/\/www.neige-locations.fr\/index.php?rest_route=\/wp\/v2\/pages\/50"}],"collection":[{"href":"http:\/\/www.neige-locations.fr\/index.php?rest_route=\/wp\/v2\/pages"}],"about":[{"href":"http:\/\/www.neige-locations.fr\/index.php?rest_route=\/wp\/v2\/types\/page"}],"author":[{"embeddable":true,"href":"http:\/\/www.neige-locations.fr\/index.php?rest_route=\/wp\/v2\/users\/1"}],"replies":[{"embeddable":true,"href":"http:\/\/www.neige-locations.fr\/index.php?rest_route=%2Fwp%2Fv2%2Fcomments&post=50"}],"version-history":[{"count":10,"href":"http:\/\/www.neige-locations.fr\/index.php?rest_route=\/wp\/v2\/pages\/50\/revisions"}],"predecessor-version":[{"id":334,"href":"http:\/\/www.neige-locations.fr\/index.php?rest_route=\/wp\/v2\/pages\/50\/revisions\/334"}],"wp:attachment":[{"href":"http:\/\/www.neige-locations.fr\/index.php?rest_route=%2Fwp%2Fv2%2Fmedia&parent=50"}],"curies":[{"name":"wp","href":"https:\/\/api.w.org\/{rel}","templated":true}]}}