{"id":8,"date":"2020-08-28T17:00:49","date_gmt":"2020-08-28T15:00:49","guid":{"rendered":"http:\/\/www.neige-locations.fr\/?page_id=8"},"modified":"2021-09-03T10:54:06","modified_gmt":"2021-09-03T08:54:06","slug":"accueil","status":"publish","type":"page","link":"http:\/\/www.neige-locations.fr\/","title":{"rendered":""},"content":{"rendered":"\n<p>Choisissez le chalet de vos r\u00eaves avec chemin\u00e9e et SPA, situ\u00e9 au coeur de la station des Saisies et au pied des commerces.<\/p>\n\n\n\n<p>Vous pouvez \u00e9galement choisir un appartement cocooning et chaleureux, pour 4 personnes<\/p>\n\n\n\n<p>Situations id\u00e9ales, vues sur montagne et pistes de ski.<\/p>\n","protected":false},"excerpt":{"rendered":"<p>Choisissez le chalet de vos r\u00eaves avec chemin\u00e9e et SPA, situ\u00e9 au coeur de la station des Saisies et au pied des commerces. Vous pouvez&#8230;<\/p>\n","protected":false},"author":1,"featured_media":0,"parent":0,"menu_order":0,"comment_status":"closed","ping_status":"closed","template":"","meta":[],"yoast_head":"<!-- This site is optimized with the Yoast SEO plugin v18.4.1 - https:\/\/yoast.com\/wordpress\/plugins\/seo\/ -->\n<title>- Neige-Locations Les Saisies Location appartements<\/title>\n<meta name=\"description\" content=\"Chalet et appartement chaleureux et cocooning aux Saisies. Proches des pistes et de la station. vues exceptionnelles.\" \/>\n<meta name=\"robots\" content=\"index, follow, max-snippet:-1, max-image-preview:large, max-video-preview:-1\" \/>\n<link rel=\"canonical\" href=\"http:\/\/www.neige-locations.fr\/\" \/>\n<meta property=\"og:locale\" content=\"fr_FR\" \/>\n<meta property=\"og:type\" content=\"article\" \/>\n<meta property=\"og:title\" content=\"- Neige-Locations Les Saisies Location appartements\" \/>\n<meta property=\"og:description\" content=\"Chalet et appartement chaleureux et cocooning aux Saisies. Proches des pistes et de la station. vues exceptionnelles.\" \/>\n<meta property=\"og:url\" content=\"http:\/\/www.neige-locations.fr\/\" \/>\n<meta property=\"og:site_name\" content=\"Neige-Locations\" \/>\n<meta property=\"article:modified_time\" content=\"2021-09-03T08:54:06+00:00\" \/>\n<meta name=\"twitter:card\" content=\"summary_large_image\" \/>\n<meta name=\"twitter:label1\" content=\"Dur\u00e9e de lecture estim\u00e9e\" \/>\n\t<meta name=\"twitter:data1\" content=\"1 minute\" \/>\n<script type=\"application\/ld+json\" class=\"yoast-schema-graph\">{\"@context\":\"https:\/\/schema.org\",\"@graph\":[{\"@type\":\"WebSite\",\"@id\":\"http:\/\/www.neige-locations.fr\/#website\",\"url\":\"http:\/\/www.neige-locations.fr\/\",\"name\":\"Neige-Locations\",\"description\":\"Des locations aux pieds des pistes aux Saisies\",\"potentialAction\":[{\"@type\":\"SearchAction\",\"target\":{\"@type\":\"EntryPoint\",\"urlTemplate\":\"http:\/\/www.neige-locations.fr\/?s={search_term_string}\"},\"query-input\":\"required name=search_term_string\"}],\"inLanguage\":\"fr-FR\"},{\"@type\":\"WebPage\",\"@id\":\"http:\/\/www.neige-locations.fr\/#webpage\",\"url\":\"http:\/\/www.neige-locations.fr\/\",\"name\":\"- Neige-Locations Les Saisies Location appartements\",\"isPartOf\":{\"@id\":\"http:\/\/www.neige-locations.fr\/#website\"},\"datePublished\":\"2020-08-28T15:00:49+00:00\",\"dateModified\":\"2021-09-03T08:54:06+00:00\",\"description\":\"Chalet et appartement chaleureux et cocooning aux Saisies. Proches des pistes et de la station. vues exceptionnelles.\",\"breadcrumb\":{\"@id\":\"http:\/\/www.neige-locations.fr\/#breadcrumb\"},\"inLanguage\":\"fr-FR\",\"potentialAction\":[{\"@type\":\"ReadAction\",\"target\":[\"http:\/\/www.neige-locations.fr\/\"]}]},{\"@type\":\"BreadcrumbList\",\"@id\":\"http:\/\/www.neige-locations.fr\/#breadcrumb\",\"itemListElement\":[{\"@type\":\"ListItem\",\"position\":1,\"name\":\"Accueil\",\"item\":\"http:\/\/www.neige-locations.fr\/\"},{\"@type\":\"ListItem\",\"position\":2,\"name\":\"\"}]}]}<\/script>\n<!-- \/ Yoast SEO plugin. -->","yoast_head_json":{"title":"- Neige-Locations Les Saisies Location appartements","description":"Chalet et appartement chaleureux et cocooning aux Saisies. Proches des pistes et de la station. vues exceptionnelles.","robots":{"index":"index","follow":"follow","max-snippet":"max-snippet:-1","max-image-preview":"max-image-preview:large","max-video-preview":"max-video-preview:-1"},"canonical":"http:\/\/www.neige-locations.fr\/","og_locale":"fr_FR","og_type":"article","og_title":"- Neige-Locations Les Saisies Location appartements","og_description":"Chalet et appartement chaleureux et cocooning aux Saisies. Proches des pistes et de la station. vues exceptionnelles.","og_url":"http:\/\/www.neige-locations.fr\/","og_site_name":"Neige-Locations","article_modified_time":"2021-09-03T08:54:06+00:00","twitter_card":"summary_large_image","twitter_misc":{"Dur\u00e9e de lecture estim\u00e9e":"1 minute"},"schema":{"@context":"https:\/\/schema.org","@graph":[{"@type":"WebSite","@id":"http:\/\/www.neige-locations.fr\/#website","url":"http:\/\/www.neige-locations.fr\/","name":"Neige-Locations","description":"Des locations aux pieds des pistes aux Saisies","potentialAction":[{"@type":"SearchAction","target":{"@type":"EntryPoint","urlTemplate":"http:\/\/www.neige-locations.fr\/?s={search_term_string}"},"query-input":"required name=search_term_string"}],"inLanguage":"fr-FR"},{"@type":"WebPage","@id":"http:\/\/www.neige-locations.fr\/#webpage","url":"http:\/\/www.neige-locations.fr\/","name":"- Neige-Locations Les Saisies Location appartements","isPartOf":{"@id":"http:\/\/www.neige-locations.fr\/#website"},"datePublished":"2020-08-28T15:00:49+00:00","dateModified":"2021-09-03T08:54:06+00:00","description":"Chalet et appartement chaleureux et cocooning aux Saisies. Proches des pistes et de la station. vues exceptionnelles.","breadcrumb":{"@id":"http:\/\/www.neige-locations.fr\/#breadcrumb"},"inLanguage":"fr-FR","potentialAction":[{"@type":"ReadAction","target":["http:\/\/www.neige-locations.fr\/"]}]},{"@type":"BreadcrumbList","@id":"http:\/\/www.neige-locations.fr\/#breadcrumb","itemListElement":[{"@type":"ListItem","position":1,"name":"Accueil","item":"http:\/\/www.neige-locations.fr\/"},{"@type":"ListItem","position":2,"name":""}]}]}},"_links":{"self":[{"href":"http:\/\/www.neige-locations.fr\/index.php?rest_route=\/wp\/v2\/pages\/8"}],"collection":[{"href":"http:\/\/www.neige-locations.fr\/index.php?rest_route=\/wp\/v2\/pages"}],"about":[{"href":"http:\/\/www.neige-locations.fr\/index.php?rest_route=\/wp\/v2\/types\/page"}],"author":[{"embeddable":true,"href":"http:\/\/www.neige-locations.fr\/index.php?rest_route=\/wp\/v2\/users\/1"}],"replies":[{"embeddable":true,"href":"http:\/\/www.neige-locations.fr\/index.php?rest_route=%2Fwp%2Fv2%2Fcomments&post=8"}],"version-history":[{"count":5,"href":"http:\/\/www.neige-locations.fr\/index.php?rest_route=\/wp\/v2\/pages\/8\/revisions"}],"predecessor-version":[{"id":249,"href":"http:\/\/www.neige-locations.fr\/index.php?rest_route=\/wp\/v2\/pages\/8\/revisions\/249"}],"wp:attachment":[{"href":"http:\/\/www.neige-locations.fr\/index.php?rest_route=%2Fwp%2Fv2%2Fmedia&parent=8"}],"curies":[{"name":"wp","href":"https:\/\/api.w.org\/{rel}","templated":true}]}}